{"id":14,"date":"2021-09-05T16:37:33","date_gmt":"2021-09-05T16:37:33","guid":{"rendered":"https:\/\/kits.themecy.com\/memberships-1\/?page_id=14"},"modified":"2026-03-31T10:51:57","modified_gmt":"2026-03-31T08:51:57","slug":"contact","status":"publish","type":"page","link":"https:\/\/kreativsalon-berlin.de\/es\/contact\/","title":{"rendered":"CONTACTO"},"content":{"rendered":"<style>.kb-row-layout-id14_f1bb83-12 > .kt-row-column-wrap{align-content:center;}:where(.kb-row-layout-id14_f1bb83-12 > .kt-row-column-wrap) > .wp-block-kadence-column{justify-content:center;}.kb-row-layout-id14_f1bb83-12 > .kt-row-column-wrap{column-gap:var(--global-kb-gap-md, 2rem);row-gap:var(--global-kb-gap-md, 2rem);max-width:var( --global-content-width, 1290px );padding-left:var(--global-content-edge-padding);padding-right:var(--global-content-edge-padding);padding-top:var(--global-kb-spacing-4xl, 8rem);padding-bottom:var(--global-kb-spacing-3xl, 6.5rem);grid-template-columns:minmax(0, 1fr);}.kb-row-layout-id14_f1bb83-12 > .kt-row-layout-overlay{opacity:0.30;}.kb-row-layout-id14_f1bb83-12 .kt-row-layout-bottom-sep{height:100px;}.kb-row-layout-id14_f1bb83-12 .kt-row-layout-bottom-sep svg{width:100%;}.kb-row-layout-id14_f1bb83-12 .kt-row-layout-bottom-sep svg{fill:var(--global-palette9, #ffffff)!important;}@media all and (max-width: 1024px){.kb-row-layout-id14_f1bb83-12 > .kt-row-column-wrap{grid-template-columns:minmax(0, 1fr);}}@media all and (max-width: 1024px){.kb-row-layout-id14_f1bb83-12 .kt-row-layout-bottom-sep{height:px;}}@media all and (max-width: 1024px){.kb-row-layout-id14_f1bb83-12 .kt-row-layout-bottom-sep svg{width:%;}}@media all and (max-width: 767px){.kb-row-layout-id14_f1bb83-12 > .kt-row-column-wrap{grid-template-columns:minmax(0, 1fr);}.kb-row-layout-id14_f1bb83-12 .kt-row-layout-bottom-sep{height:px;}.kb-row-layout-id14_f1bb83-12 .kt-row-layout-bottom-sep svg{width:%;}}.kb-row-layout-id14_f1bb83-12 .absolute {\\n  position: absolute;\\n  width: 400px;\\n  top: -200px;\\n  right: -180px;\\n}\\n.kb-row-layout-id14_f1bb83-12 .low-index {\\n  z-index: 1;\\n}\\n.kb-row-layout-id14_f1bb83-12 {\\n  overflow: hidden;\\n}<\/style><div class=\"kb-row-layout-wrap kb-row-layout-id14_f1bb83-12 alignnone has-theme-palette8-background-color kt-row-has-bg wp-block-kadence-rowlayout\"><div class=\"kt-row-layout-bottom-sep kt-row-sep-type-crvi\"><svg viewBox=\"0 0 1000 100\" preserveAspectRatio=\"none\"><path d=\"M1000,0c0,0 -270.987,98 -500,98c-229.013,0 -500,-98 -500,-98l0,100l1000,0l0,-100Z\" \/><\/svg><\/div><div class=\"kt-row-column-wrap kt-has-1-columns kt-row-layout-equal kt-tab-layout-inherit kt-mobile-layout-row kt-row-valign-middle kb-theme-content-width\">\n<style>.kadence-column14_6ef795-77 > .kt-inside-inner-col,.kadence-column14_6ef795-77 > .kt-inside-inner-col:before{border-top-left-radius:0px;border-top-right-radius:0px;border-bottom-right-radius:0px;border-bottom-left-radius:0px;}.kadence-column14_6ef795-77 > .kt-inside-inner-col{column-gap:var(--global-kb-gap-sm, 1rem);}.kadence-column14_6ef795-77 > .kt-inside-inner-col{flex-direction:column;}.kadence-column14_6ef795-77 > .kt-inside-inner-col > .aligncenter{width:100%;}.kadence-column14_6ef795-77 > .kt-inside-inner-col:before{opacity:0.3;}.kadence-column14_6ef795-77{position:relative;}@media all and (max-width: 1024px){.kadence-column14_6ef795-77 > .kt-inside-inner-col{flex-direction:column;justify-content:center;}}@media all and (max-width: 767px){.kadence-column14_6ef795-77 > .kt-inside-inner-col{flex-direction:column;justify-content:center;}}<\/style>\n<div class=\"wp-block-kadence-column kadence-column14_6ef795-77 inner-column-1\"><div class=\"kt-inside-inner-col\"><style>.wp-block-kadence-advancedheading.kt-adv-heading14_3beea1-cd, .wp-block-kadence-advancedheading.kt-adv-heading14_3beea1-cd[data-kb-block=\"kb-adv-heading14_3beea1-cd\"]{padding-top:0px;margin-bottom:0px;text-align:center;font-size:170px;line-height:68px;font-weight:400;font-style:normal;font-family:'Mrs Saint Delafield';text-transform:lowercase;}.wp-block-kadence-advancedheading.kt-adv-heading14_3beea1-cd mark.kt-highlight, .wp-block-kadence-advancedheading.kt-adv-heading14_3beea1-cd[data-kb-block=\"kb-adv-heading14_3beea1-cd\"] mark.kt-highlight{font-style:normal;color:#f76a0c;-webkit-box-decoration-break:clone;box-decoration-break:clone;padding-top:0px;padding-right:0px;padding-bottom:0px;padding-left:0px;}.wp-block-kadence-advancedheading.kt-adv-heading14_3beea1-cd img.kb-inline-image, .wp-block-kadence-advancedheading.kt-adv-heading14_3beea1-cd[data-kb-block=\"kb-adv-heading14_3beea1-cd\"] img.kb-inline-image{width:150px;vertical-align:baseline;}@media all and (max-width: 767px){.wp-block-kadence-advancedheading.kt-adv-heading14_3beea1-cd, .wp-block-kadence-advancedheading.kt-adv-heading14_3beea1-cd[data-kb-block=\"kb-adv-heading14_3beea1-cd\"]{font-size:100px;}}<\/style>\n<h2 class=\"kt-adv-heading14_3beea1-cd wp-block-kadence-advancedheading has-theme-palette-7-color has-text-color\" data-kb-block=\"kb-adv-heading14_3beea1-cd\">kontakt<\/h2>\n\n\n<style>.wp-block-kadence-advancedheading.kt-adv-heading14_4e7049-34, .wp-block-kadence-advancedheading.kt-adv-heading14_4e7049-34[data-kb-block=\"kb-adv-heading14_4e7049-34\"]{text-align:center;font-size:100px;line-height:100px;font-style:normal;}.wp-block-kadence-advancedheading.kt-adv-heading14_4e7049-34 mark.kt-highlight, .wp-block-kadence-advancedheading.kt-adv-heading14_4e7049-34[data-kb-block=\"kb-adv-heading14_4e7049-34\"] mark.kt-highlight{font-style:normal;color:#f76a0c;-webkit-box-decoration-break:clone;box-decoration-break:clone;padding-top:0px;padding-right:0px;padding-bottom:0px;padding-left:0px;}.wp-block-kadence-advancedheading.kt-adv-heading14_4e7049-34 img.kb-inline-image, .wp-block-kadence-advancedheading.kt-adv-heading14_4e7049-34[data-kb-block=\"kb-adv-heading14_4e7049-34\"] img.kb-inline-image{width:150px;vertical-align:baseline;}@media all and (max-width: 1024px){.wp-block-kadence-advancedheading.kt-adv-heading14_4e7049-34, .wp-block-kadence-advancedheading.kt-adv-heading14_4e7049-34[data-kb-block=\"kb-adv-heading14_4e7049-34\"]{font-size:70px;line-height:78px;}}@media all and (max-width: 767px){.wp-block-kadence-advancedheading.kt-adv-heading14_4e7049-34, .wp-block-kadence-advancedheading.kt-adv-heading14_4e7049-34[data-kb-block=\"kb-adv-heading14_4e7049-34\"]{font-size:var(--global-kb-font-size-xxxl, 5rem);line-height:46px;}}<\/style>\n<h2 class=\"kt-adv-heading14_4e7049-34 wp-block-kadence-advancedheading\" data-kb-block=\"kb-adv-heading14_4e7049-34\">wir sind gern <br>f\u00fcr dich da<\/h2>\n\n\n<style>.wp-block-kadence-advancedheading.kt-adv-heading14_2b6894-f7, .wp-block-kadence-advancedheading.kt-adv-heading14_2b6894-f7[data-kb-block=\"kb-adv-heading14_2b6894-f7\"]{text-align:center;font-style:normal;}.wp-block-kadence-advancedheading.kt-adv-heading14_2b6894-f7 mark.kt-highlight, .wp-block-kadence-advancedheading.kt-adv-heading14_2b6894-f7[data-kb-block=\"kb-adv-heading14_2b6894-f7\"] mark.kt-highlight{font-style:normal;color:#f76a0c;-webkit-box-decoration-break:clone;box-decoration-break:clone;padding-top:0px;padding-right:0px;padding-bottom:0px;padding-left:0px;}.wp-block-kadence-advancedheading.kt-adv-heading14_2b6894-f7 img.kb-inline-image, .wp-block-kadence-advancedheading.kt-adv-heading14_2b6894-f7[data-kb-block=\"kb-adv-heading14_2b6894-f7\"] img.kb-inline-image{width:150px;vertical-align:baseline;}<\/style>\n<p class=\"kt-adv-heading14_2b6894-f7 wp-block-kadence-advancedheading\" data-kb-block=\"kb-adv-heading14_2b6894-f7\">Manchmal beginnt ein sch\u00f6ner Austausch mit einer kleinen Nachricht. <br>Wenn du Fragen hast, neugierig bist oder etwas gemeinsam gestalten m\u00f6chtest, melde dich einfach.<br>Wir freuen  uns auf Worte, Ideen und Begegnungen, die hier ihren Anfang nehmen.<\/p>\n\n\n\n<p><\/p>\n\n\n\n<p class=\"has-text-align-center\"><strong>kontakt@kreativ-salon.de<\/strong><\/p>\n\n\n\n<p class=\"has-text-align-center\">Ich melde mich in der Regel innerhalb von 1\u20132 Tagen.<\/p>\n\n\n\n<p><\/p>\n\n\n\n<p><a href=\"https:\/\/startertemplatecloud.com\/e28\/#\"><\/a><\/p>\n<\/div><\/div>\n\n<\/div><\/div>\n\n<style>.kb-row-layout-id14_2187a8-0a > .kt-row-column-wrap{align-content:start;}:where(.kb-row-layout-id14_2187a8-0a > .kt-row-column-wrap) > .wp-block-kadence-column{justify-content:start;}.kb-row-layout-id14_2187a8-0a > .kt-row-column-wrap{column-gap:var(--global-kb-gap-md, 2rem);row-gap:var(--global-kb-gap-md, 2rem);max-width:var( --global-content-width, 1290px );padding-left:var(--global-content-edge-padding);padding-right:var(--global-content-edge-padding);padding-top:130px;padding-bottom:80px;grid-template-columns:minmax(0, 1fr);}.kb-row-layout-id14_2187a8-0a > .kt-row-layout-overlay{opacity:0.30;}@media all and (max-width: 1024px){.kb-row-layout-id14_2187a8-0a > .kt-row-column-wrap{grid-template-columns:minmax(0, 1fr);}}@media all and (max-width: 767px){.kb-row-layout-id14_2187a8-0a > .kt-row-column-wrap{padding-right:0px;padding-left:0px;grid-template-columns:minmax(0, 1fr);}}.kb-row-layout-id14_2187a8-0a .zindex {\\n  z-index: 1;\\n}<\/style><div class=\"kb-row-layout-wrap kb-row-layout-id14_2187a8-0a alignnone wp-block-kadence-rowlayout\"><div class=\"kt-row-column-wrap kt-has-1-columns kt-row-layout-equal kt-tab-layout-inherit kt-mobile-layout-row kt-row-valign-top kb-theme-content-width\">\n<style>.kadence-column14_30d146-e4 > .kt-inside-inner-col,.kadence-column14_30d146-e4 > .kt-inside-inner-col:before{border-top-left-radius:0px;border-top-right-radius:0px;border-bottom-right-radius:0px;border-bottom-left-radius:0px;}.kadence-column14_30d146-e4 > .kt-inside-inner-col{column-gap:var(--global-kb-gap-sm, 1rem);}.kadence-column14_30d146-e4 > .kt-inside-inner-col{flex-direction:column;}.kadence-column14_30d146-e4 > .kt-inside-inner-col > .aligncenter{width:100%;}.kadence-column14_30d146-e4 > .kt-inside-inner-col:before{opacity:0.3;}.kadence-column14_30d146-e4{position:relative;}@media all and (max-width: 1024px){.kadence-column14_30d146-e4 > .kt-inside-inner-col{flex-direction:column;justify-content:center;}}@media all and (max-width: 767px){.kadence-column14_30d146-e4 > .kt-inside-inner-col{flex-direction:column;justify-content:center;}}<\/style>\n<div class=\"wp-block-kadence-column kadence-column14_30d146-e4\"><div class=\"kt-inside-inner-col\"><\/div><\/div>\n\n<\/div><\/div>\n\n\n<p><\/p>\n","protected":false},"excerpt":{"rendered":"<p>kontakt wir sind gern f\u00fcr dich da Manchmal beginnt ein sch\u00f6ner Austausch mit einer kleinen Nachricht. Wenn du Fragen hast, neugierig bist oder etwas gemeinsam gestalten m\u00f6chtest, melde dich einfach.Wir freuen uns auf Worte, Ideen und Begegnungen, die hier ihren Anfang nehmen. kontakt@kreativ-salon.de Ich melde mich in der Regel innerhalb von 1\u20132 Tagen.<\/p>","protected":false},"author":1,"featured_media":577,"parent":0,"menu_order":0,"comment_status":"closed","ping_status":"closed","template":"","meta":{"_kadence_starter_templates_imported_post":true,"_kad_post_transparent":"","_kad_post_title":"hide","_kad_post_layout":"fullwidth","_kad_post_sidebar_id":"","_kad_post_content_style":"unboxed","_kad_post_vertical_padding":"hide","_kad_post_feature":"hide","_kad_post_feature_position":"","_kad_post_header":false,"_kad_post_footer":false,"_kad_post_classname":"","footnotes":""},"class_list":["post-14","page","type-page","status-publish","has-post-thumbnail","hentry"],"_links":{"self":[{"href":"https:\/\/kreativsalon-berlin.de\/es\/wp-json\/wp\/v2\/pages\/14","targetHints":{"allow":["GET"]}}],"collection":[{"href":"https:\/\/kreativsalon-berlin.de\/es\/wp-json\/wp\/v2\/pages"}],"about":[{"href":"https:\/\/kreativsalon-berlin.de\/es\/wp-json\/wp\/v2\/types\/page"}],"author":[{"embeddable":true,"href":"https:\/\/kreativsalon-berlin.de\/es\/wp-json\/wp\/v2\/users\/1"}],"replies":[{"embeddable":true,"href":"https:\/\/kreativsalon-berlin.de\/es\/wp-json\/wp\/v2\/comments?post=14"}],"version-history":[{"count":4,"href":"https:\/\/kreativsalon-berlin.de\/es\/wp-json\/wp\/v2\/pages\/14\/revisions"}],"predecessor-version":[{"id":807,"href":"https:\/\/kreativsalon-berlin.de\/es\/wp-json\/wp\/v2\/pages\/14\/revisions\/807"}],"wp:featuredmedia":[{"embeddable":true,"href":"https:\/\/kreativsalon-berlin.de\/es\/wp-json\/wp\/v2\/media\/577"}],"wp:attachment":[{"href":"https:\/\/kreativsalon-berlin.de\/es\/wp-json\/wp\/v2\/media?parent=14"}],"curies":[{"name":"wp","href":"https:\/\/api.w.org\/{rel}","templated":true}]}}